{"id":18,"date":"2019-11-08T17:48:41","date_gmt":"2019-11-08T17:48:41","guid":{"rendered":"https:\/\/maisonlome.com\/?page_id=18"},"modified":"2025-05-05T11:17:31","modified_gmt":"2025-05-05T11:17:31","slug":"rez-de-chaussee","status":"publish","type":"page","link":"https:\/\/maisonlome.com\/index.php\/rez-de-chaussee\/","title":{"rendered":"Rez de Chauss\u00e9e"},"content":{"rendered":"<p><em>L&#8217;acc\u00e8s frontal au rez de chauss\u00e9e de l&#8217;habitation principale se fait par la terrasse qui dessert le salon ainsi que\u00a0 les chambres situ\u00e9es c\u00f4t\u00e9 Est.\u00a0<\/em><\/p>\n<p><img loading=\"lazy\" decoding=\"async\" class=\"alignnone size-medium wp-image-205\" src=\"https:\/\/maisonlome.com\/wp-content\/uploads\/2025\/05\/Salon-RdC-300x225.jpg\" alt=\"\" width=\"300\" height=\"225\" srcset=\"https:\/\/maisonlome.com\/wp-content\/uploads\/2025\/05\/Salon-RdC-300x225.jpg 300w, https:\/\/maisonlome.com\/wp-content\/uploads\/2025\/05\/Salon-RdC-1024x768.jpg 1024w, https:\/\/maisonlome.com\/wp-content\/uploads\/2025\/05\/Salon-RdC-768x576.jpg 768w, https:\/\/maisonlome.com\/wp-content\/uploads\/2025\/05\/Salon-RdC.jpg 1040w\" sizes=\"auto, (max-width: 300px) 100vw, 300px\" \/><br \/>\n<img loading=\"lazy\" decoding=\"async\" class=\"alignnone size-medium wp-image-194\" src=\"https:\/\/maisonlome.com\/wp-content\/uploads\/2025\/05\/Douche-RdC-300x225.jpg\" alt=\"\" width=\"300\" height=\"225\" srcset=\"https:\/\/maisonlome.com\/wp-content\/uploads\/2025\/05\/Douche-RdC-300x225.jpg 300w, https:\/\/maisonlome.com\/wp-content\/uploads\/2025\/05\/Douche-RdC-1024x768.jpg 1024w, https:\/\/maisonlome.com\/wp-content\/uploads\/2025\/05\/Douche-RdC-768x576.jpg 768w, https:\/\/maisonlome.com\/wp-content\/uploads\/2025\/05\/Douche-RdC.jpg 1040w\" sizes=\"auto, (max-width: 300px) 100vw, 300px\" \/><\/p>\n","protected":false},"excerpt":{"rendered":"<p>L&#8217;acc\u00e8s frontal au rez de chauss\u00e9e de l&#8217;habitation principale se fait par la terrasse qui dessert le salon ainsi que\u00a0 les chambres situ\u00e9es c\u00f4t\u00e9 Est.\u00a0<\/p>\n","protected":false},"author":1,"featured_media":0,"parent":0,"menu_order":0,"comment_status":"closed","ping_status":"closed","template":"","meta":{"footnotes":""},"class_list":["post-18","page","type-page","status-publish","hentry"],"_links":{"self":[{"href":"https:\/\/maisonlome.com\/index.php\/wp-json\/wp\/v2\/pages\/18","targetHints":{"allow":["GET"]}}],"collection":[{"href":"https:\/\/maisonlome.com\/index.php\/wp-json\/wp\/v2\/pages"}],"about":[{"href":"https:\/\/maisonlome.com\/index.php\/wp-json\/wp\/v2\/types\/page"}],"author":[{"embeddable":true,"href":"https:\/\/maisonlome.com\/index.php\/wp-json\/wp\/v2\/users\/1"}],"replies":[{"embeddable":true,"href":"https:\/\/maisonlome.com\/index.php\/wp-json\/wp\/v2\/comments?post=18"}],"version-history":[{"count":12,"href":"https:\/\/maisonlome.com\/index.php\/wp-json\/wp\/v2\/pages\/18\/revisions"}],"predecessor-version":[{"id":224,"href":"https:\/\/maisonlome.com\/index.php\/wp-json\/wp\/v2\/pages\/18\/revisions\/224"}],"wp:attachment":[{"href":"https:\/\/maisonlome.com\/index.php\/wp-json\/wp\/v2\/media?parent=18"}],"curies":[{"name":"wp","href":"https:\/\/api.w.org\/{rel}","templated":true}]}}