{"id":40,"date":"2019-11-12T11:23:40","date_gmt":"2019-11-12T11:23:40","guid":{"rendered":"https:\/\/maisonlome.com\/?page_id=40"},"modified":"2019-11-16T01:15:40","modified_gmt":"2019-11-16T01:15:40","slug":"dependances","status":"publish","type":"page","link":"https:\/\/maisonlome.com\/index.php\/dependances\/","title":{"rendered":"Dependances"},"content":{"rendered":"<p><img loading=\"lazy\" decoding=\"async\" class=\"alignnone size-medium wp-image-73\" src=\"https:\/\/maisonlome.com\/wp-content\/uploads\/2019\/11\/02-Dependances-Acces-300x210.jpg\" alt=\"\" width=\"300\" height=\"210\" srcset=\"https:\/\/maisonlome.com\/wp-content\/uploads\/2019\/11\/02-Dependances-Acces-300x210.jpg 300w, https:\/\/maisonlome.com\/wp-content\/uploads\/2019\/11\/02-Dependances-Acces-768x536.jpg 768w, https:\/\/maisonlome.com\/wp-content\/uploads\/2019\/11\/02-Dependances-Acces-1024x715.jpg 1024w, https:\/\/maisonlome.com\/wp-content\/uploads\/2019\/11\/02-Dependances-Acces.jpg 1061w\" sizes=\"auto, (max-width: 300px) 100vw, 300px\" \/><br \/>\n<em>L\u2019acc\u00e8s\u00a0aux\u00a0<\/em><i>d\u00e9pendances se fait par le c\u00f4t\u00e9 Est de la maison. Une porte permet d\u2019acc\u00e9der directement au c\u00f4te d\u00e9pendances sans traverser la maison<\/i><\/p>\n<p><img loading=\"lazy\" decoding=\"async\" class=\"alignnone size-medium wp-image-77\" src=\"https:\/\/maisonlome.com\/wp-content\/uploads\/2019\/11\/01-Dependance-Entree-300x221.jpg\" alt=\"\" width=\"300\" height=\"221\" srcset=\"https:\/\/maisonlome.com\/wp-content\/uploads\/2019\/11\/01-Dependance-Entree-300x221.jpg 300w, https:\/\/maisonlome.com\/wp-content\/uploads\/2019\/11\/01-Dependance-Entree-768x565.jpg 768w, https:\/\/maisonlome.com\/wp-content\/uploads\/2019\/11\/01-Dependance-Entree-1024x753.jpg 1024w, https:\/\/maisonlome.com\/wp-content\/uploads\/2019\/11\/01-Dependance-Entree.jpg 1192w\" sizes=\"auto, (max-width: 300px) 100vw, 300px\" \/><br \/>\n<img loading=\"lazy\" decoding=\"async\" class=\"alignnone size-medium wp-image-74\" src=\"https:\/\/maisonlome.com\/wp-content\/uploads\/2019\/11\/03-Dependances-Arriere-300x202.jpg\" alt=\"\" width=\"300\" height=\"202\" srcset=\"https:\/\/maisonlome.com\/wp-content\/uploads\/2019\/11\/03-Dependances-Arriere-300x202.jpg 300w, https:\/\/maisonlome.com\/wp-content\/uploads\/2019\/11\/03-Dependances-Arriere-768x517.jpg 768w, https:\/\/maisonlome.com\/wp-content\/uploads\/2019\/11\/03-Dependances-Arriere-1024x689.jpg 1024w, https:\/\/maisonlome.com\/wp-content\/uploads\/2019\/11\/03-Dependances-Arriere.jpg 1068w\" sizes=\"auto, (max-width: 300px) 100vw, 300px\" \/><\/p>\n","protected":false},"excerpt":{"rendered":"<p>L\u2019acc\u00e8s\u00a0aux\u00a0d\u00e9pendances se fait par le c\u00f4t\u00e9 Est de la maison. Une porte permet d\u2019acc\u00e9der directement au c\u00f4te d\u00e9pendances sans traverser la maison<\/p>\n","protected":false},"author":1,"featured_media":0,"parent":0,"menu_order":0,"comment_status":"closed","ping_status":"closed","template":"","meta":{"footnotes":""},"class_list":["post-40","page","type-page","status-publish","hentry"],"_links":{"self":[{"href":"https:\/\/maisonlome.com\/index.php\/wp-json\/wp\/v2\/pages\/40","targetHints":{"allow":["GET"]}}],"collection":[{"href":"https:\/\/maisonlome.com\/index.php\/wp-json\/wp\/v2\/pages"}],"about":[{"href":"https:\/\/maisonlome.com\/index.php\/wp-json\/wp\/v2\/types\/page"}],"author":[{"embeddable":true,"href":"https:\/\/maisonlome.com\/index.php\/wp-json\/wp\/v2\/users\/1"}],"replies":[{"embeddable":true,"href":"https:\/\/maisonlome.com\/index.php\/wp-json\/wp\/v2\/comments?post=40"}],"version-history":[{"count":4,"href":"https:\/\/maisonlome.com\/index.php\/wp-json\/wp\/v2\/pages\/40\/revisions"}],"predecessor-version":[{"id":114,"href":"https:\/\/maisonlome.com\/index.php\/wp-json\/wp\/v2\/pages\/40\/revisions\/114"}],"wp:attachment":[{"href":"https:\/\/maisonlome.com\/index.php\/wp-json\/wp\/v2\/media?parent=40"}],"curies":[{"name":"wp","href":"https:\/\/api.w.org\/{rel}","templated":true}]}}