{"id":46,"date":"2019-11-12T11:26:41","date_gmt":"2019-11-12T11:26:41","guid":{"rendered":"https:\/\/maisonlome.com\/?page_id=46"},"modified":"2025-05-05T10:55:20","modified_gmt":"2025-05-05T10:55:20","slug":"cuisine","status":"publish","type":"page","link":"https:\/\/maisonlome.com\/index.php\/cuisine\/","title":{"rendered":"Cuisine"},"content":{"rendered":"<p><img loading=\"lazy\" decoding=\"async\" class=\"alignnone size-medium wp-image-195\" src=\"https:\/\/maisonlome.com\/wp-content\/uploads\/2025\/05\/Etage-Cuisine-300x225.jpg\" alt=\"\" width=\"300\" height=\"225\" srcset=\"https:\/\/maisonlome.com\/wp-content\/uploads\/2025\/05\/Etage-Cuisine-300x225.jpg 300w, https:\/\/maisonlome.com\/wp-content\/uploads\/2025\/05\/Etage-Cuisine-1024x768.jpg 1024w, https:\/\/maisonlome.com\/wp-content\/uploads\/2025\/05\/Etage-Cuisine-768x576.jpg 768w, https:\/\/maisonlome.com\/wp-content\/uploads\/2025\/05\/Etage-Cuisine.jpg 1040w\" sizes=\"auto, (max-width: 300px) 100vw, 300px\" \/><\/p>\n<p><em>La cuisine donne directement sur la cour arri\u00e8re gr\u00e2ce \u00e0 une porte ind\u00e9pendante.\u00a0 L&#8217;autre porte donne sur la salle \u00e0 manger,\u00a0 forme d&#8217;alc\u00f4ve dans le salon. Des placards de rangements sont disponibles pour ranger les ustensiles de cuisine.<\/em><\/p>\n","protected":false},"excerpt":{"rendered":"<p>La cuisine donne directement sur la cour arri\u00e8re gr\u00e2ce \u00e0 une porte ind\u00e9pendante.\u00a0 L&#8217;autre porte donne sur la salle \u00e0 manger,\u00a0 forme d&#8217;alc\u00f4ve dans le salon. Des placards de rangements&#8230;<\/p>\n","protected":false},"author":1,"featured_media":0,"parent":0,"menu_order":0,"comment_status":"closed","ping_status":"closed","template":"","meta":{"footnotes":""},"class_list":["post-46","page","type-page","status-publish","hentry"],"_links":{"self":[{"href":"https:\/\/maisonlome.com\/index.php\/wp-json\/wp\/v2\/pages\/46","targetHints":{"allow":["GET"]}}],"collection":[{"href":"https:\/\/maisonlome.com\/index.php\/wp-json\/wp\/v2\/pages"}],"about":[{"href":"https:\/\/maisonlome.com\/index.php\/wp-json\/wp\/v2\/types\/page"}],"author":[{"embeddable":true,"href":"https:\/\/maisonlome.com\/index.php\/wp-json\/wp\/v2\/users\/1"}],"replies":[{"embeddable":true,"href":"https:\/\/maisonlome.com\/index.php\/wp-json\/wp\/v2\/comments?post=46"}],"version-history":[{"count":7,"href":"https:\/\/maisonlome.com\/index.php\/wp-json\/wp\/v2\/pages\/46\/revisions"}],"predecessor-version":[{"id":214,"href":"https:\/\/maisonlome.com\/index.php\/wp-json\/wp\/v2\/pages\/46\/revisions\/214"}],"wp:attachment":[{"href":"https:\/\/maisonlome.com\/index.php\/wp-json\/wp\/v2\/media?parent=46"}],"curies":[{"name":"wp","href":"https:\/\/api.w.org\/{rel}","templated":true}]}}