{"id":7,"date":"2019-11-08T17:13:44","date_gmt":"2019-11-08T17:13:44","guid":{"rendered":"https:\/\/maisonlome.com\/?page_id=7"},"modified":"2024-07-22T09:41:07","modified_gmt":"2024-07-22T09:41:07","slug":"maison-lome","status":"publish","type":"page","link":"https:\/\/maisonlome.com\/","title":{"rendered":"Maison Lom\u00e9"},"content":{"rendered":"<p><img loading=\"lazy\" decoding=\"async\" class=\"alignnone size-medium wp-image-36\" src=\"https:\/\/maisonlome.com\/wp-content\/uploads\/2019\/11\/00-VueCompleteDevanture-1-300x274.jpg\" alt=\"\" width=\"300\" height=\"274\" srcset=\"https:\/\/maisonlome.com\/wp-content\/uploads\/2019\/11\/00-VueCompleteDevanture-1-300x274.jpg 300w, https:\/\/maisonlome.com\/wp-content\/uploads\/2019\/11\/00-VueCompleteDevanture-1.jpg 493w\" sizes=\"auto, (max-width: 300px) 100vw, 300px\" \/><\/p>\n<p><em><strong>Villa \u00e0 vendre (avec titre foncier) situ\u00e9 \u00e0 B\u00e8, Kotokou Condji, proche du super ch\u00e2teau d&#8217;eau.<br \/>\n<\/strong><\/em><\/p>\n<p><em><strong>C\u00f4t\u00e9 Est: deux chambres, une salle de bain et un WC<\/strong><\/em><\/p>\n<ul>\n<li><em><strong>Ch1<\/strong>: 4m*3m50. 2 fen\u00eatres (Nord et Est)<\/em><\/li>\n<li><strong><em>Douche et WC<\/em> <\/strong><em>(s\u00e9par\u00e9s): 4m*2m<\/em><\/li>\n<li><strong><em>Ch2<\/em><\/strong>: <em>4m*3m50 (2 fen\u00eatres (Est et Nord)<\/em><\/li>\n<li><strong><em>Couloir<\/em><\/strong>: <em>1m20 de large*9m60<\/em><\/li>\n<\/ul>\n<p><em><strong>Terrasse, salon, salle \u00e0 manger et cuisine<\/strong><\/em><\/p>\n<ul>\n<li><em><strong>Terrasse<\/strong>: 7m*3.40<\/em><\/li>\n<li><em><strong>S\u00e9jour<\/strong>: 6m*6m<\/em><\/li>\n<li><em><em><strong>Salle \u00e0 manger:<\/strong> 2m85*3m<\/em><\/em><\/li>\n<li><em><strong>Cuisine<\/strong>: 3m*3m<\/em><\/li>\n<\/ul>\n<p><strong><em>C\u00f4t\u00e9 Ouest: 3 chambres, une salle de bain et WC<\/em><\/strong><\/p>\n<ul>\n<li><em><strong>Couloir<\/strong> : 1m20*3m10 (environ)<\/em><\/li>\n<li><em><strong>WC<\/strong> (1m de large), <strong>salle de bain<\/strong> (1m40) et lavabo<\/em><\/li>\n<li><em><strong>Ch3<\/strong> (c\u00f4t\u00e9 Sud): 3m10*4m<\/em><\/li>\n<li><em><strong>Ch4<\/strong> (Nord): 3m50*4m<\/em><\/li>\n<li><em><strong>Ch5<\/strong> (Nord): 3m50*4m<\/em><\/li>\n<\/ul>\n<p><em>\u00c0 cela se rajoutent des d\u00e9pendances , un patio\u00a0 et un \u00e9tage enti\u00e8rement autonome (chambres, salle de bain, salon&#8230;).<\/em><\/p>\n<p><strong><em>Prix: 180 000 000 (cent quatre-vingt millions) FCFA \/ 275 000 (deux cent soixante quinze <\/em><\/strong><strong><em>mille) euros.<\/em><\/strong><\/p>\n<p><strong><em>Contact: <a href=\"mailto:maison_lome@djossou.ca\" target=\"_blank\" rel=\"noopener noreferrer\">maison_lome@djossou.ca<\/a><br \/>\n<\/em><\/strong><\/p>\n","protected":false},"excerpt":{"rendered":"<p>Villa \u00e0 vendre (avec titre foncier) situ\u00e9 \u00e0 B\u00e8, Kotokou Condji, proche du super ch\u00e2teau d&#8217;eau. C\u00f4t\u00e9 Est: deux chambres, une salle de bain et un WC Ch1: 4m*3m50. 2&#8230;<\/p>\n","protected":false},"author":1,"featured_media":0,"parent":0,"menu_order":0,"comment_status":"closed","ping_status":"closed","template":"","meta":{"footnotes":""},"class_list":["post-7","page","type-page","status-publish","hentry"],"_links":{"self":[{"href":"https:\/\/maisonlome.com\/index.php\/wp-json\/wp\/v2\/pages\/7","targetHints":{"allow":["GET"]}}],"collection":[{"href":"https:\/\/maisonlome.com\/index.php\/wp-json\/wp\/v2\/pages"}],"about":[{"href":"https:\/\/maisonlome.com\/index.php\/wp-json\/wp\/v2\/types\/page"}],"author":[{"embeddable":true,"href":"https:\/\/maisonlome.com\/index.php\/wp-json\/wp\/v2\/users\/1"}],"replies":[{"embeddable":true,"href":"https:\/\/maisonlome.com\/index.php\/wp-json\/wp\/v2\/comments?post=7"}],"version-history":[{"count":22,"href":"https:\/\/maisonlome.com\/index.php\/wp-json\/wp\/v2\/pages\/7\/revisions"}],"predecessor-version":[{"id":184,"href":"https:\/\/maisonlome.com\/index.php\/wp-json\/wp\/v2\/pages\/7\/revisions\/184"}],"wp:attachment":[{"href":"https:\/\/maisonlome.com\/index.php\/wp-json\/wp\/v2\/media?parent=7"}],"curies":[{"name":"wp","href":"https:\/\/api.w.org\/{rel}","templated":true}]}}